{"id":69,"date":"2020-04-04T00:02:49","date_gmt":"2020-04-04T00:02:49","guid":{"rendered":"https:\/\/demosites.io\/consultants-gb\/?page_id=69"},"modified":"2023-05-12T08:57:58","modified_gmt":"2023-05-12T08:57:58","slug":"b34cf-home","status":"publish","type":"page","link":"https:\/\/antsorakotondramanga.com\/","title":{"rendered":"Accueil"},"content":{"rendered":"\n<div id=\"wp-block-themeisle-blocks-advanced-columns-b8cac1e0\" class=\"wp-block-themeisle-blocks-advanced-columns alignfull has-1-columns has-desktop-equal-layout has-tablet-equal-layout has-mobile-equal-layout has-vertical-unset\"><div class=\"wp-block-themeisle-blocks-advanced-columns-overlay\"><\/div><div class=\"innerblocks-wrap\">\n<div id=\"wp-block-themeisle-blocks-advanced-column-abedc041\" class=\"wp-block-themeisle-blocks-advanced-column\">\n<div style=\"height:20px\" aria-hidden=\"true\" class=\"wp-block-spacer\"><\/div>\n\n\n\n<h1 class=\"has-text-align-center has-nv-text-dark-bg-color has-text-color wp-block-heading\">HYPNOSE<\/h1>\n\n\n\n<div style=\"height:20px\" aria-hidden=\"true\" class=\"wp-block-spacer\"><\/div>\n\n\n\n<div id=\"wp-block-themeisle-blocks-button-group-0dc31828\" class=\"wp-block-themeisle-blocks-button-group wp-block-buttons align-center\">\n<div id=\"wp-block-themeisle-blocks-button-845ee66b\" class=\"wp-block-themeisle-blocks-button wp-block-button\"><a href=\"https:\/\/calendly.com\/antsorakotondramanga\/ma-seance-avec-antso\" target=\"_self\" rel=\"noopener noreferrer\" class=\"wp-block-button__link\"><span><strong>Prendre rendez-vous<\/strong><\/span><\/a><\/div>\n<\/div>\n<\/div>\n<\/div><\/div>\n\n\n\n<div id=\"wp-block-themeisle-blocks-advanced-columns-3ecef01e\" class=\"wp-block-themeisle-blocks-advanced-columns alignfull has-1-columns has-desktop-equal-layout has-tablet-equal-layout has-mobile-equal-layout has-vertical-unset\"><div class=\"wp-block-themeisle-blocks-advanced-columns-overlay\"><\/div><div class=\"innerblocks-wrap\">\n<div id=\"wp-block-themeisle-blocks-advanced-column-2a1cc73c\" class=\"wp-block-themeisle-blocks-advanced-column\">\n<div style=\"height:20px\" aria-hidden=\"true\" class=\"wp-block-spacer\"><\/div>\n\n\n\n<span id=\"wp-block-themeisle-blocks-advanced-heading-b0f9dea5\" class=\"wp-block-themeisle-blocks-advanced-heading wp-block-themeisle-blocks-advanced-heading-b0f9dea5\"><strong>MA MISSION<\/strong><\/span>\n\n\n\n<h2 id=\"wp-block-themeisle-blocks-advanced-heading-8ba74c0a\" class=\"wp-block-themeisle-blocks-advanced-heading wp-block-themeisle-blocks-advanced-heading-8ba74c0a\">Vous accompagner <\/h2>\n\n\n\n<p class=\"has-text-align-center has-neve-text-color-color has-text-color\">Ancien joueur professionnel de tennis, j&#8217;accompagne \u00e0 pr\u00e9sent les personnes qui souhaitent installer un changement dans leur vie \u00e0 atteindre leurs objectifs de bien-\u00eatre ou de performance.<\/p>\n\n\n\n<hr class=\"wp-block-separator has-text-color has-neve-text-color-color has-css-opacity has-neve-text-color-background-color has-background\"\/>\n<\/div>\n<\/div><\/div>\n\n\n\n<div id=\"wp-block-themeisle-blocks-advanced-columns-5a0064ef\" class=\"wp-block-themeisle-blocks-advanced-columns alignfull has-4-columns has-desktop-equal-layout has-tablet-equal-layout has-mobile-collapsedRows-layout has-vertical-unset\"><div class=\"wp-block-themeisle-blocks-advanced-columns-overlay\"><\/div><div class=\"innerblocks-wrap\">\n<div id=\"wp-block-themeisle-blocks-advanced-column-ef9ac70b\" class=\"wp-block-themeisle-blocks-advanced-column\">\n<div class=\"wp-block-themeisle-blocks-service\">\n<div id=\"wp-block-themeisle-blocks-font-awesome-icons-cf662083\" class=\"wp-block-themeisle-blocks-font-awesome-icons\"><span class=\"wp-block-themeisle-blocks-font-awesome-icons-container\"><i class=\"far fa-angry\"><\/i><\/span><\/div>\n\n\n\n<h4 id=\"wp-block-themeisle-blocks-advanced-heading-9e93df6c\" class=\"wp-block-themeisle-blocks-advanced-heading wp-block-themeisle-blocks-advanced-heading-9e93df6c\">Emotions<\/h4>\n\n\n\n<p class=\"has-text-align-center\">Deuil, anxi\u00e9t\u00e9, gestion de la col\u00e8re, angoisse, peur, phobies, confiance, estime de soi, etc&#8230;<\/p>\n<\/div>\n<\/div>\n\n\n\n<div id=\"wp-block-themeisle-blocks-advanced-column-797b4b48\" class=\"wp-block-themeisle-blocks-advanced-column\">\n<div class=\"wp-block-themeisle-blocks-service\">\n<div id=\"wp-block-themeisle-blocks-font-awesome-icons-43fadb99\" class=\"wp-block-themeisle-blocks-font-awesome-icons\"><span class=\"wp-block-themeisle-blocks-font-awesome-icons-container\"><i class=\"fas fa-bed\"><\/i><\/span><\/div>\n\n\n\n<h4 id=\"wp-block-themeisle-blocks-advanced-heading-3b99f981\" class=\"wp-block-themeisle-blocks-advanced-heading wp-block-themeisle-blocks-advanced-heading-3b99f981\">Sommeil<\/h4>\n\n\n\n<p class=\"has-text-align-center\">Insomnie, angoisse nocturne, difficult\u00e9 \u00e0 l&#8217;endormissement&#8230;<\/p>\n<\/div>\n<\/div>\n\n\n\n<div id=\"wp-block-themeisle-blocks-advanced-column-aa4ee1e7\" class=\"wp-block-themeisle-blocks-advanced-column\">\n<div id=\"wp-block-themeisle-blocks-font-awesome-icons-a01d7390\" class=\"wp-block-themeisle-blocks-font-awesome-icons\"><span class=\"wp-block-themeisle-blocks-font-awesome-icons-container\"><i class=\"far fa-times-circle\"><\/i><\/span><\/div>\n\n\n\n<h4 id=\"wp-block-themeisle-blocks-advanced-heading-dfb39005\" class=\"wp-block-themeisle-blocks-advanced-heading wp-block-themeisle-blocks-advanced-heading-dfb39005\">Comportements<\/h4>\n\n\n\n<p class=\"has-text-align-center\">Arr\u00eat du tabac, compulsions, tocs&#8230; <\/p>\n<\/div>\n\n\n\n<div id=\"wp-block-themeisle-blocks-advanced-column-6c542091\" class=\"wp-block-themeisle-blocks-advanced-column\">\n<div id=\"wp-block-themeisle-blocks-font-awesome-icons-d3f67439\" class=\"wp-block-themeisle-blocks-font-awesome-icons\"><span class=\"wp-block-themeisle-blocks-font-awesome-icons-container\"><i class=\"fas fa-bullseye\"><\/i><\/span><\/div>\n\n\n\n<h4 id=\"wp-block-themeisle-blocks-advanced-heading-0c83c7e7\" class=\"wp-block-themeisle-blocks-advanced-heading wp-block-themeisle-blocks-advanced-heading-0c83c7e7\">Pr\u00e9paration mental<\/h4>\n\n\n\n<p class=\"has-text-align-center\">Projet sportif ou artistique de haut niveau<\/p>\n<\/div>\n<\/div><\/div>\n\n\n\n<div id=\"wp-block-themeisle-blocks-advanced-columns-e1e80b8b\" class=\"wp-block-themeisle-blocks-advanced-columns alignfull has-2-columns has-desktop-equal-layout has-tablet-equal-layout has-mobile-collapsedRows-layout has-vertical-unset\"><div class=\"wp-block-themeisle-blocks-advanced-columns-overlay\"><\/div><div class=\"innerblocks-wrap\">\n<div id=\"wp-block-themeisle-blocks-advanced-column-9a8b936f\" class=\"wp-block-themeisle-blocks-advanced-column\">\n<h2 id=\"wp-block-themeisle-blocks-advanced-heading-b64eb0d9\" class=\"wp-block-themeisle-blocks-advanced-heading wp-block-themeisle-blocks-advanced-heading-b64eb0d9\">L&#8217;hypnose ericksonienne<\/h2>\n\n\n\n<p>L&#8217;hypnose ericksonienne est un outil de communication qui permet d&#8217;amener une personne vers un \u00e9tat modifi\u00e9 de conscience. Etat dans lequel le changement et les nouveaux apprentissages se font plus faciles.<\/p>\n\n\n\n<div style=\"height:20px\" aria-hidden=\"true\" class=\"wp-block-spacer\"><\/div>\n\n\n\n<div id=\"wp-block-themeisle-blocks-button-group-7c678d18\" class=\"wp-block-themeisle-blocks-button-group wp-block-buttons align-left\">\n<div id=\"wp-block-themeisle-blocks-button-69a333b5\" class=\"wp-block-themeisle-blocks-button wp-block-button\"><a href=\"#\" target=\"_self\" rel=\"noopener noreferrer\" class=\"wp-block-button__link\"><span>En savoir plus<\/span><\/a><\/div>\n<\/div>\n<\/div>\n\n\n\n<div id=\"wp-block-themeisle-blocks-advanced-column-cd5cc1d0\" class=\"wp-block-themeisle-blocks-advanced-column\">\n<div style=\"height:450px\" aria-hidden=\"true\" class=\"wp-block-spacer\"><\/div>\n<\/div>\n<\/div><\/div>\n\n\n\n<div id=\"wp-block-themeisle-blocks-advanced-columns-6a1ad2d0\" class=\"wp-block-themeisle-blocks-advanced-columns alignfull has-1-columns has-desktop-equal-layout has-tablet-equal-layout has-mobile-equal-layout has-vertical-unset\"><div class=\"wp-block-themeisle-blocks-advanced-columns-overlay\"><\/div><div class=\"innerblocks-wrap\">\n<div id=\"wp-block-themeisle-blocks-advanced-column-894279dd\" class=\"wp-block-themeisle-blocks-advanced-column\">\n<h2 class=\"has-text-align-center has-nv-text-dark-bg-color has-text-color wp-block-heading\">&#8220;Faites confiance \u00e0 votre inconscient, cet immense magasin de solutions.&#8221;<\/h2>\n\n\n\n<p class=\"has-text-align-center has-nv-text-dark-bg-color has-text-color\">Milton Erickson<\/p>\n<\/div>\n<\/div><\/div>\n\n\n\n<div id=\"wp-block-themeisle-blocks-advanced-columns-bf04c9d1\" class=\"wp-block-themeisle-blocks-advanced-columns alignfull has-1-columns has-desktop-equal-layout has-tablet-equal-layout has-mobile-collapsedRows-layout has-vertical-unset\"><div class=\"wp-block-themeisle-blocks-advanced-columns-overlay\"><\/div><div class=\"innerblocks-wrap\">\n<div id=\"wp-block-themeisle-blocks-advanced-column-5255ab44\" class=\"wp-block-themeisle-blocks-advanced-column\">\n<div class=\"wp-block-media-text alignwide is-stacked-on-mobile has-nv-text-dark-bg-background-color has-background\"><figure class=\"wp-block-media-text__media\"><img decoding=\"async\" loading=\"lazy\" width=\"1024\" height=\"683\" src=\"http:\/\/antsorakotondramanga.com\/wp-content\/uploads\/2022\/05\/0A1A4023-1-1024x683.jpg\" alt=\"\" class=\"wp-image-227 size-full\" srcset=\"https:\/\/antsorakotondramanga.com\/wp-content\/uploads\/2022\/05\/0A1A4023-1-1024x683.jpg 1024w, https:\/\/antsorakotondramanga.com\/wp-content\/uploads\/2022\/05\/0A1A4023-1-300x200.jpg 300w, https:\/\/antsorakotondramanga.com\/wp-content\/uploads\/2022\/05\/0A1A4023-1-768x512.jpg 768w, https:\/\/antsorakotondramanga.com\/wp-content\/uploads\/2022\/05\/0A1A4023-1-1536x1024.jpg 1536w, https:\/\/antsorakotondramanga.com\/wp-content\/uploads\/2022\/05\/0A1A4023-1-2048x1365.jpg 2048w, https:\/\/antsorakotondramanga.com\/wp-content\/uploads\/2022\/05\/0A1A4023-1-930x620.jpg 930w, https:\/\/antsorakotondramanga.com\/wp-content\/uploads\/2022\/05\/0A1A4023-1-600x400.jpg 600w\" sizes=\"(max-width: 1024px) 100vw, 1024px\" \/><\/figure><div class=\"wp-block-media-text__content\">\n<div style=\"height:19px\" aria-hidden=\"true\" class=\"wp-block-spacer\"><\/div>\n\n\n\n<h2 class=\"has-text-align-center wp-block-heading\">Qui suis-je?<\/h2>\n\n\n\n<p>Avant d&#8217;\u00eatre praticien en hypnose erickosnienne, j&#8217;\u00e9tais joueur de tennis professionnel. C&#8217;est au cours de ma carri\u00e8re que je me suis pris de passion pour le fonctionnement humain, en cherchant \u00e0 comprendre comment les choses inconscientes \u00e0 l&#8217;int\u00e9rieur de nous pouvaient parfois nous lib\u00e9rer de certaines si et parfois nous limiter dans nos r\u00e9actions et nos mauvais fonctionnements.<\/p>\n\n\n\n<p>C&#8217;est donc naturellement que je me suis ensuite orient\u00e9 vers le coaching et la pr\u00e9paration mentale, port\u00e9 par mon envie d&#8217;aider l&#8217;autre : l&#8217;accompagnement \u00e9tait pour moi une \u00e9vidence.<\/p>\n\n\n\n<p>J&#8217;ai d\u00e9couvert l&#8217;hypnose au cours de mes formations, et j&#8217;y ai tout de suite per\u00e7u un outil aussi puissant que fascinant. Depuis ma premi\u00e8re rencontre avec l&#8217;hypnose, je continue de me former r\u00e9guli\u00e8rement, toujours dans l&#8217;intention de mieux remplir ma mission : vous proposer un accompagnement  plus juste et plus pr\u00e9cis.<\/p>\n<\/div><\/div>\n<\/div>\n<\/div><\/div>\n\n\n\n<div id=\"wp-block-themeisle-blocks-advanced-columns-a7a0076b\" class=\"wp-block-themeisle-blocks-advanced-columns alignfull has-1-columns has-desktop-equal-layout has-tablet-equal-layout has-mobile-collapsedRows-layout has-vertical-unset\"><div class=\"wp-block-themeisle-blocks-advanced-columns-overlay\"><\/div><div class=\"innerblocks-wrap\">\n<div id=\"wp-block-themeisle-blocks-advanced-column-57232a91\" class=\"wp-block-themeisle-blocks-advanced-column\">\n<div style=\"height:20px\" aria-hidden=\"true\" class=\"wp-block-spacer\"><\/div>\n\n\n\n<h2 id=\"wp-block-themeisle-blocks-advanced-heading-7a54d8f7\" class=\"wp-block-themeisle-blocks-advanced-heading wp-block-themeisle-blocks-advanced-heading-7a54d8f7\">Contactez-moi<br>06 23 48 70 65<\/h2>\n\n\n\n<p>Consultations sur rendez-vous uniquement.<br>Je re\u00e7ois dans mon cabinet tous les vendredis de 8h \u00e0 20h, et je consulte \u00e0 domicile du lundi au samedi sur rendez-vous.<\/p>\n\n\n\n<pre class=\"wp-block-code\"><code>&lt;div class=\"calendly-inline-widget\" data-url=\"https:\/\/calendly.com\/antsorakotondramanga\/ma-seance-avec-antso\" style=\"min-width:320px;height:630px;\">&lt;\/div>\n&lt;script type=\"text\/javascript\" src=\"https:\/\/assets.calendly.com\/assets\/external\/widget.js\" async>&lt;\/script><\/code><\/pre>\n\n\n\n<hr class=\"wp-block-separator has-text-color has-nv-light-bg-color has-css-opacity has-nv-light-bg-background-color has-background is-style-wide\"\/>\n\n\n\n<div id=\"wp-block-themeisle-blocks-button-group-9b870888\" class=\"wp-block-themeisle-blocks-button-group wp-block-buttons align-center\">\n<div id=\"wp-block-themeisle-blocks-button-af0e4c0b\" class=\"wp-block-themeisle-blocks-button wp-block-button\"><a href=\"https:\/\/www.facebook.com\/AntsoRakotondramanga\" target=\"_blank\" rel=\"noopener noreferrer\" class=\"wp-block-button__link\"><i class=\"fab fa-fw fa-facebook-f\"><\/i><\/a><\/div>\n\n\n\n<div id=\"wp-block-themeisle-blocks-button-695da1e2\" class=\"wp-block-themeisle-blocks-button wp-block-button\"><a href=\"https:\/\/www.instagram.com\/antsorakoton\/\" target=\"_blank\" rel=\"noopener noreferrer\" class=\"wp-block-button__link\"><i class=\"fab fa-fw fa-instagram\"><\/i><\/a><\/div>\n<\/div>\n\n\n\n<hr class=\"wp-block-separator has-text-color has-nv-light-bg-color has-css-opacity has-nv-light-bg-background-color has-background is-style-wide\"\/>\n\n\n\n<div id=\"wp-block-themeisle-blocks-button-group-8d2ec1c2\" class=\"wp-block-themeisle-blocks-button-group wp-block-buttons\">\n<div id=\"wp-block-themeisle-blocks-button-e83d76ab\" class=\"wp-block-themeisle-blocks-button wp-block-button\"><a href=\"\" target=\"_self\" rel=\"noopener noreferrer\" class=\"wp-block-button__link\"><i class=\"fas fa-fw fa-map-marker-alt margin-right\"><\/i><span>Chemin du cimeti\u00e8re de l&#8217;est, 06300 NICE<\/span><\/a><\/div>\n<\/div>\n<\/div>\n<\/div><\/div>\n\n\n\n<div id=\"wp-block-themeisle-blocks-advanced-columns-3c413b84\" class=\"wp-block-themeisle-blocks-advanced-columns alignfull has-2-columns has-desktop-equal-layout has-tablet-equal-layout has-mobile-collapsedRows-layout has-vertical-center\"><div class=\"wp-block-themeisle-blocks-advanced-columns-overlay\"><\/div><div class=\"innerblocks-wrap\">\n<div id=\"wp-block-themeisle-blocks-advanced-column-984a27ca\" class=\"wp-block-themeisle-blocks-advanced-column\">\n<h2 id=\"wp-block-themeisle-blocks-advanced-heading-afb0b709\" class=\"wp-block-themeisle-blocks-advanced-heading wp-block-themeisle-blocks-advanced-heading-afb0b709\">Parlons un peu avant&#8230;<\/h2>\n\n\n\n<p class=\"has-nv-text-dark-bg-color has-text-color\" style=\"font-size:21px\">Je vous offre une premi\u00e8re s\u00e9ance t\u00e9l\u00e9phonique de 30 minutes pour parler de votre probl\u00e9matique et d\u00e9j\u00e0 commencer le travail.<\/p>\n<\/div>\n\n\n\n<div id=\"wp-block-themeisle-blocks-advanced-column-5445e257\" class=\"wp-block-themeisle-blocks-advanced-column\">\n<div id=\"wp-block-themeisle-blocks-button-group-8f4041ad\" class=\"wp-block-themeisle-blocks-button-group wp-block-buttons contact__btn ticss-69e8c2a6\">\n<div id=\"wp-block-themeisle-blocks-button-6a531a90\" class=\"wp-block-themeisle-blocks-button wp-block-button\"><a href=\"https:\/\/antsorakotondramanga.com\/contact-us\/\" target=\"_self\" rel=\"noopener noreferrer\" class=\"wp-block-button__link\"><span>06 23 48 70 65<\/span><\/a><\/div>\n<\/div>\n<\/div>\n<\/div><\/div>\n","protected":false},"excerpt":{"rendered":"","protected":false},"author":1,"featured_media":0,"parent":0,"menu_order":0,"comment_status":"closed","ping_status":"closed","template":"page-templates\/template-pagebuilder-full-width.php","meta":{"om_disable_all_campaigns":false,"_monsterinsights_skip_tracking":false,"_monsterinsights_sitenote_active":false,"_monsterinsights_sitenote_note":"","_monsterinsights_sitenote_category":0,"neve_meta_sidebar":"full-width","neve_meta_container":"contained","neve_meta_enable_content_width":"on","neve_meta_content_width":100,"neve_meta_title_alignment":"left","neve_meta_author_avatar":"","neve_post_elements_order":"","neve_meta_disable_header":"","neve_meta_disable_footer":"","neve_meta_disable_title":"on","_themeisle_gutenberg_block_has_review":false,"_ti_tpc_template_sync":false,"_ti_tpc_template_id":"z88be5axpb1k1cearsxu"},"_links":{"self":[{"href":"https:\/\/antsorakotondramanga.com\/index.php?rest_route=\/wp\/v2\/pages\/69"}],"collection":[{"href":"https:\/\/antsorakotondramanga.com\/index.php?rest_route=\/wp\/v2\/pages"}],"about":[{"href":"https:\/\/antsorakotondramanga.com\/index.php?rest_route=\/wp\/v2\/types\/page"}],"author":[{"embeddable":true,"href":"https:\/\/antsorakotondramanga.com\/index.php?rest_route=\/wp\/v2\/users\/1"}],"replies":[{"embeddable":true,"href":"https:\/\/antsorakotondramanga.com\/index.php?rest_route=%2Fwp%2Fv2%2Fcomments&post=69"}],"version-history":[{"count":36,"href":"https:\/\/antsorakotondramanga.com\/index.php?rest_route=\/wp\/v2\/pages\/69\/revisions"}],"predecessor-version":[{"id":288,"href":"https:\/\/antsorakotondramanga.com\/index.php?rest_route=\/wp\/v2\/pages\/69\/revisions\/288"}],"wp:attachment":[{"href":"https:\/\/antsorakotondramanga.com\/index.php?rest_route=%2Fwp%2Fv2%2Fmedia&parent=69"}],"curies":[{"name":"wp","href":"https:\/\/api.w.org\/{rel}","templated":true}]}}